{"id":22,"date":"2021-05-22T18:45:01","date_gmt":"2021-05-22T18:45:01","guid":{"rendered":"http:\/\/mariacarracedofisio.com\/?page_id=22"},"modified":"2021-09-17T17:49:18","modified_gmt":"2021-09-17T17:49:18","slug":"contacto","status":"publish","type":"page","link":"https:\/\/mariacarracedofisio.com\/index.php\/contacto\/","title":{"rendered":"Contacto"},"content":{"rendered":"\n<div class=\"is-layout-flex wp-container-3 wp-block-columns\">\n<div class=\"is-layout-flow wp-block-column\">\n<p><strong>Mar\u00eda Carracedo Rodr\u00edguez<\/strong><\/p>\n\n\n\n<p>C\/ Francisco Guerra, 18 A. <\/p>\n\n\n\n<p>06011 Badajoz (Espa\u00f1a)<\/p>\n\n\n\n<p><\/p>\n<\/div>\n\n\n\n<div class=\"is-layout-flow wp-block-column\">\n<p><\/p>\n\n\n\n<p>Tel\u00e9fono: +34695100697<\/p>\n\n\n\n<p>Email: info@mariacarracedofisio.com<\/p>\n<\/div>\n<\/div>\n\n\n<div role=\"form\" class=\"wpcf7\" id=\"wpcf7-f165-o1\" lang=\"en-US\" dir=\"ltr\">\n<div class=\"screen-reader-response\"><p role=\"status\" aria-live=\"polite\" aria-atomic=\"true\"><\/p> <ul><\/ul><\/div>\n<form action=\"\/index.php\/wp-json\/wp\/v2\/pages\/22#wpcf7-f165-o1\" method=\"post\" class=\"wpcf7-form init\" novalidate=\"novalidate\" data-status=\"init\">\n<div style=\"display: none;\">\n<input type=\"hidden\" name=\"_wpcf7\" value=\"165\" \/>\n<input type=\"hidden\" name=\"_wpcf7_version\" value=\"5.4.2\" \/>\n<input type=\"hidden\" name=\"_wpcf7_locale\" value=\"en_US\" \/>\n<input type=\"hidden\" name=\"_wpcf7_unit_tag\" value=\"wpcf7-f165-o1\" \/>\n<input type=\"hidden\" name=\"_wpcf7_container_post\" value=\"0\" \/>\n<input type=\"hidden\" name=\"_wpcf7_posted_data_hash\" value=\"\" \/>\n<\/div>\n<p><label> Nombre<br \/>\n    <span class=\"wpcf7-form-control-wrap nombre\"><input type=\"text\" name=\"nombre\" value=\"\" size=\"40\" class=\"wpcf7-form-control wpcf7-text wpcf7-validates-as-required\" aria-required=\"true\" aria-invalid=\"false\" \/><\/span> <\/label><\/p>\n<p><label> Email<br \/>\n    <span class=\"wpcf7-form-control-wrap email\"><input type=\"email\" name=\"email\" value=\"\" size=\"40\" class=\"wpcf7-form-control wpcf7-text wpcf7-email wpcf7-validates-as-required wpcf7-validates-as-email\" aria-required=\"true\" aria-invalid=\"false\" \/><\/span> <\/label><\/p>\n<p><label> Asunto<br \/>\n    <span class=\"wpcf7-form-control-wrap asunto\"><input type=\"text\" name=\"asunto\" value=\"\" size=\"40\" class=\"wpcf7-form-control wpcf7-text wpcf7-validates-as-required\" aria-required=\"true\" aria-invalid=\"false\" \/><\/span> <\/label><\/p>\n<p><label> Mensaje (optional)<br \/>\n    <span class=\"wpcf7-form-control-wrap mensaje\"><textarea name=\"mensaje\" cols=\"40\" rows=\"10\" class=\"wpcf7-form-control wpcf7-textarea\" aria-invalid=\"false\"><\/textarea><\/span> <\/label><\/p>\n<p><label> <span class=\"wpcf7-form-control-wrap wpgdprc\"><span class=\"wpcf7-form-control wpcf7-validates-as-required wpcf7-wpgdprc\"><span class=\"wpcf7-list-item\"><input type=\"checkbox\" name=\"wpgdprc\" value=\"1\" aria-required=\"true\" aria-invalid=\"false\" \/><span class=\"wpcf7-list-item-label\">Al usar este formulario accedes al almacenamiento y gesti\u00f3n de tus datos por parte de esta web.<\/span><\/span><\/span>    <\/span><\/p>\n<p><label> RGDP<br \/>\n   Informaci\u00f3n B\u00e1sica sobre Protecci\u00f3n de Datos:<\/p>\n<p><label> Responsable: Mar\u00eda Carracedo Rodr\u00edguez<\/p>\n<p><label> Finalidad: Moderar y responder las consultas de usuarios<\/p>\n<p><label> Legitimaci\u00f3n : Consentimiento.<\/p>\n<p><label> Destinatarios: No se ceden a terceros.<\/p>\n<p><label> Derechos: Podr\u00e1s ejercer tus derechos de acceso, rectificaci\u00f3n, limitaci\u00f3n y suprimir los datos en infor@mmariacarracedofisio.com as\u00ed como el derecho a presentar una reclamaci\u00f3n ante una autoridad de control.<\/p>\n<p><label> Informaci\u00f3n adicional: En <a href=\"https:\/\/mariacarracedofisio.com\/index.php\/politica-privacidad\"> Pol\u00edtica de privacidad <\/a> de https:\/\/mariacarracedofisio.com, encontrar\u00e1s informaci\u00f3n adicional sobre la recopilaci\u00f3n y el uso de su informaci\u00f3n personal ,incluida informaci\u00f3n sobre acceso, conservaci\u00f3n, rectificaci\u00f3n, eliminaci\u00f3n, seguridad, y otros temas. <\/label><\/p>\n<p><input type=\"submit\" value=\"Enviar\" class=\"wpcf7-form-control wpcf7-submit\" \/><\/p>\n<div class=\"wpcf7-response-output\" aria-hidden=\"true\"><\/div><\/form><\/div>\n","protected":false},"excerpt":{"rendered":"<p>Mar\u00eda Carracedo Rodr\u00edguez C\/ Francisco Guerra, 18 A. 06011 Badajoz (Espa\u00f1a) Tel\u00e9fono: +34695100697 Email: info@mariacarracedofisio.com<\/p>\n","protected":false},"author":1,"featured_media":0,"parent":0,"menu_order":0,"comment_status":"closed","ping_status":"closed","template":"","meta":{"om_disable_all_campaigns":false,"_monsterinsights_skip_tracking":false,"_monsterinsights_sitenote_active":false,"_monsterinsights_sitenote_note":"","_monsterinsights_sitenote_category":0},"_links":{"self":[{"href":"https:\/\/mariacarracedofisio.com\/index.php\/wp-json\/wp\/v2\/pages\/22"}],"collection":[{"href":"https:\/\/mariacarracedofisio.com\/index.php\/wp-json\/wp\/v2\/pages"}],"about":[{"href":"https:\/\/mariacarracedofisio.com\/index.php\/wp-json\/wp\/v2\/types\/page"}],"author":[{"embeddable":true,"href":"https:\/\/mariacarracedofisio.com\/index.php\/wp-json\/wp\/v2\/users\/1"}],"replies":[{"embeddable":true,"href":"https:\/\/mariacarracedofisio.com\/index.php\/wp-json\/wp\/v2\/comments?post=22"}],"version-history":[{"count":8,"href":"https:\/\/mariacarracedofisio.com\/index.php\/wp-json\/wp\/v2\/pages\/22\/revisions"}],"predecessor-version":[{"id":267,"href":"https:\/\/mariacarracedofisio.com\/index.php\/wp-json\/wp\/v2\/pages\/22\/revisions\/267"}],"wp:attachment":[{"href":"https:\/\/mariacarracedofisio.com\/index.php\/wp-json\/wp\/v2\/media?parent=22"}],"curies":[{"name":"wp","href":"https:\/\/api.w.org\/{rel}","templated":true}]}}