{"id":130,"date":"2021-07-15T19:51:56","date_gmt":"2021-07-15T19:51:56","guid":{"rendered":"http:\/\/mariacarracedofisio.com\/?page_id=130"},"modified":"2021-09-17T18:02:01","modified_gmt":"2021-09-17T18:02:01","slug":"aviso-legal","status":"publish","type":"page","link":"https:\/\/mariacarracedofisio.com\/index.php\/aviso-legal\/","title":{"rendered":"Aviso Legal"},"content":{"rendered":"\n<p>Con la finalidad de dar cumplimiento al art\u00edculo 10 de la Ley 34\/2002 de Servicios de la Sociedad de la Informaci\u00f3n y Comercio Electr\u00f3nico, informamos al usuario de nuestros datos:<\/p>\n\n\n\n<ul><li><strong>Denominaci\u00f3n Social:<\/strong> Mar\u00eda Carracedo Rodr\u00edguez, en adelante, \u201cEl titular\u201d.<\/li><li><strong><strong><strong>Domicilio Social:<\/strong>\u00a0<\/strong><\/strong>C\/ Luis Chamizo, 45 &#8211; 2D. 06006 Badajoz (Espa\u00f1a)<\/li><li><strong><strong><strong>NIF:<\/strong>\u00a0<\/strong><\/strong>80099934L.<\/li><li><strong>Tel\u00e9fono:<\/strong>  +34695100697<\/li><li><strong>Email:<\/strong> info@mariacarracedofisio.com<\/li><li><strong>N\u00ba de Colegiada:<\/strong> 918<\/li><li><strong>Objeto<\/strong>: A trav\u00e9s de <a href=\"https:\/\/mariacarracedofisio.com\/\">mariacarracedofisio.com<\/a>, les ofrecemos a los Usuarios la posibilidad de acceder a la informaci\u00f3n sobre nuestros servicios.<\/li><\/ul>\n\n\n\n<p>En los siguientes enlaces tiene la informaci\u00f3n sobre nuestros T\u00e9rminos y Condiciones y nuestra <a href=\"https:\/\/mariacarracedofisio.com\/index.php\/politica-privacidad\/\">Pol\u00edtica de Privacidad<\/a>.<\/p>\n","protected":false},"excerpt":{"rendered":"<p>Con la finalidad de dar cumplimiento al art\u00edculo 10 de la Ley 34\/2002 de Servicios de la Sociedad de la Informaci\u00f3n y Comercio Electr\u00f3nico, informamos al usuario de nuestros datos: Denominaci\u00f3n Social: Mar\u00eda Carracedo Rodr\u00edguez, en adelante, \u201cEl titular\u201d. Domicilio Social:\u00a0C\/ Luis Chamizo, 45 &#8211; 2D. 06006 Badajoz (Espa\u00f1a) NIF:\u00a080099934L. Tel\u00e9fono: +34695100697 Email: info@mariacarracedofisio.com N\u00ba&hellip; <br \/> <a class=\"read-more\" href=\"https:\/\/mariacarracedofisio.com\/index.php\/aviso-legal\/\">Leer m\u00e1s<\/a><\/p>\n","protected":false},"author":1,"featured_media":0,"parent":0,"menu_order":0,"comment_status":"closed","ping_status":"closed","template":"","meta":{"om_disable_all_campaigns":false,"_monsterinsights_skip_tracking":false,"_monsterinsights_sitenote_active":false,"_monsterinsights_sitenote_note":"","_monsterinsights_sitenote_category":0},"_links":{"self":[{"href":"https:\/\/mariacarracedofisio.com\/index.php\/wp-json\/wp\/v2\/pages\/130"}],"collection":[{"href":"https:\/\/mariacarracedofisio.com\/index.php\/wp-json\/wp\/v2\/pages"}],"about":[{"href":"https:\/\/mariacarracedofisio.com\/index.php\/wp-json\/wp\/v2\/types\/page"}],"author":[{"embeddable":true,"href":"https:\/\/mariacarracedofisio.com\/index.php\/wp-json\/wp\/v2\/users\/1"}],"replies":[{"embeddable":true,"href":"https:\/\/mariacarracedofisio.com\/index.php\/wp-json\/wp\/v2\/comments?post=130"}],"version-history":[{"count":5,"href":"https:\/\/mariacarracedofisio.com\/index.php\/wp-json\/wp\/v2\/pages\/130\/revisions"}],"predecessor-version":[{"id":274,"href":"https:\/\/mariacarracedofisio.com\/index.php\/wp-json\/wp\/v2\/pages\/130\/revisions\/274"}],"wp:attachment":[{"href":"https:\/\/mariacarracedofisio.com\/index.php\/wp-json\/wp\/v2\/media?parent=130"}],"curies":[{"name":"wp","href":"https:\/\/api.w.org\/{rel}","templated":true}]}}